{"id":615,"date":"2022-04-14T14:29:51","date_gmt":"2022-04-14T12:29:51","guid":{"rendered":"https:\/\/rolv.pl\/?page_id=615"},"modified":"2022-04-14T14:31:44","modified_gmt":"2022-04-14T12:31:44","slug":"new-future-project-ukraine-support-update-1","status":"publish","type":"page","link":"https:\/\/rolv.pl\/pl\/new-future-project-ukraine-support-update-1\/","title":{"rendered":"NOWY PRZYSZ\u0141Y PROJEKT - WSPARCIE UKRAINY Aktualizacja #1"},"content":{"rendered":"<div data-elementor-type=\"wp-page\" data-elementor-id=\"615\" class=\"elementor elementor-615\">\n\t\t\t\t\t\t<section class=\"elementor-section elementor-top-section elementor-element elementor-element-3c8c518 elementor-section-boxed elementor-section-height-default elementor-section-height-default\" data-id=\"3c8c518\" data-element_type=\"section\">\n\t\t\t\t\t\t<div class=\"elementor-container elementor-column-gap-default\">\n\t\t\t\t\t<div class=\"elementor-column elementor-col-100 elementor-top-column elementor-element elementor-element-6e4c00f\" data-id=\"6e4c00f\" data-element_type=\"column\">\n\t\t\t<div class=\"elementor-widget-wrap elementor-element-populated\">\n\t\t\t\t\t\t<div class=\"elementor-element elementor-element-4a78111 elementor-widget elementor-widget-heading\" data-id=\"4a78111\" data-element_type=\"widget\" data-widget_type=\"heading.default\">\n\t\t\t\t<div class=\"elementor-widget-container\">\n\t\t\t\t\t<h2 class=\"elementor-heading-title elementor-size-default\">Raport #1 - Wybierz j\u0119zyk<\/h2>\t\t\t\t<\/div>\n\t\t\t\t<\/div>\n\t\t\t\t\t<\/div>\n\t\t<\/div>\n\t\t\t\t\t<\/div>\n\t\t<\/section>\n\t\t\t\t<section class=\"elementor-section elementor-top-section elementor-element elementor-element-6055998 elementor-section-boxed elementor-section-height-default elementor-section-height-default\" data-id=\"6055998\" data-element_type=\"section\" data-settings=\"{&quot;background_background&quot;:&quot;classic&quot;}\">\n\t\t\t\t\t\t<div class=\"elementor-container elementor-column-gap-wide\">\n\t\t\t\t\t<div class=\"elementor-column elementor-col-50 elementor-top-column elementor-element elementor-element-bbf0346\" data-id=\"bbf0346\" data-element_type=\"column\">\n\t\t\t<div class=\"elementor-widget-wrap elementor-element-populated\">\n\t\t\t\t\t\t<div class=\"elementor-element elementor-element-47032db e-transform elementor-invisible elementor-widget elementor-widget-heading\" data-id=\"47032db\" data-element_type=\"widget\" data-settings=\"{&quot;_animation&quot;:&quot;slideInDown&quot;,&quot;_transform_scale_effect_hover&quot;:{&quot;unit&quot;:&quot;px&quot;,&quot;size&quot;:1.2,&quot;sizes&quot;:[]},&quot;_transform_scale_effect_hover_tablet&quot;:{&quot;unit&quot;:&quot;px&quot;,&quot;size&quot;:&quot;&quot;,&quot;sizes&quot;:[]},&quot;_transform_scale_effect_hover_mobile&quot;:{&quot;unit&quot;:&quot;px&quot;,&quot;size&quot;:&quot;&quot;,&quot;sizes&quot;:[]}}\" data-widget_type=\"heading.default\">\n\t\t\t\t<div class=\"elementor-widget-container\">\n\t\t\t\t\t<h2 class=\"elementor-heading-title elementor-size-default\"><a href=\"\/pl\/ukraine-support-update-report-1-en\/\">angielski<\/a><\/h2>\t\t\t\t<\/div>\n\t\t\t\t<\/div>\n\t\t\t\t\t<\/div>\n\t\t<\/div>\n\t\t\t\t<div class=\"elementor-column elementor-col-50 elementor-top-column elementor-element elementor-element-0ad11fa\" data-id=\"0ad11fa\" data-element_type=\"column\">\n\t\t\t<div class=\"elementor-widget-wrap elementor-element-populated\">\n\t\t\t\t\t\t<div class=\"elementor-element elementor-element-9f8eebd e-transform elementor-invisible elementor-widget elementor-widget-heading\" data-id=\"9f8eebd\" data-element_type=\"widget\" data-settings=\"{&quot;_animation&quot;:&quot;slideInUp&quot;,&quot;_transform_scale_effect_hover&quot;:{&quot;unit&quot;:&quot;px&quot;,&quot;size&quot;:1.2,&quot;sizes&quot;:[]},&quot;_transform_scale_effect_hover_tablet&quot;:{&quot;unit&quot;:&quot;px&quot;,&quot;size&quot;:&quot;&quot;,&quot;sizes&quot;:[]},&quot;_transform_scale_effect_hover_mobile&quot;:{&quot;unit&quot;:&quot;px&quot;,&quot;size&quot;:&quot;&quot;,&quot;sizes&quot;:[]}}\" data-widget_type=\"heading.default\">\n\t\t\t\t<div class=\"elementor-widget-container\">\n\t\t\t\t\t<h2 class=\"elementor-heading-title elementor-size-default\"><a href=\"\/pl\/ukraine-support-update-report-1-pl\/\">polski<\/a><\/h2>\t\t\t\t<\/div>\n\t\t\t\t<\/div>\n\t\t\t\t\t<\/div>\n\t\t<\/div>\n\t\t\t\t\t<\/div>\n\t\t<\/section>\n\t\t\t\t<\/div>","protected":false},"excerpt":{"rendered":"<p>Report #1 &#8211; Choose language english polski<\/p>","protected":false},"author":2,"featured_media":0,"parent":0,"menu_order":0,"comment_status":"closed","ping_status":"closed","template":"","meta":{"neve_meta_sidebar":"","neve_meta_container":"","neve_meta_enable_content_width":"","neve_meta_content_width":70,"neve_meta_title_alignment":"","neve_meta_author_avatar":"","neve_post_elements_order":"","neve_meta_disable_header":"","neve_meta_disable_footer":"","neve_meta_disable_title":"","footnotes":""},"class_list":["post-615","page","type-page","status-publish","hentry"],"yoast_head":"<!-- This site is optimized with the Yoast SEO plugin v26.4 - https:\/\/yoast.com\/wordpress\/plugins\/seo\/ -->\n<title>NEW FUTURE PROJECT - UKRAINE SUPPORT Update #1 - ROLV Group - Ideas that connect.<\/title>\n<meta name=\"robots\" content=\"index, follow, max-snippet:-1, max-image-preview:large, max-video-preview:-1\" \/>\n<link rel=\"canonical\" href=\"https:\/\/rolv.pl\/pl\/new-future-project-ukraine-support-update-1\/\" \/>\n<meta property=\"og:locale\" content=\"pl_PL\" \/>\n<meta property=\"og:type\" content=\"article\" \/>\n<meta property=\"og:title\" content=\"NEW FUTURE PROJECT - UKRAINE SUPPORT Update #1 - ROLV Group - Ideas that connect.\" \/>\n<meta property=\"og:description\" content=\"Report #1 &#8211; Choose language english polski\" \/>\n<meta property=\"og:url\" content=\"https:\/\/rolv.pl\/pl\/new-future-project-ukraine-support-update-1\/\" \/>\n<meta property=\"og:site_name\" content=\"ROLV Group - Ideas that connect.\" \/>\n<meta property=\"article:modified_time\" content=\"2022-04-14T12:31:44+00:00\" \/>\n<meta property=\"og:image\" content=\"https:\/\/rolv.pl\/wp-content\/uploads\/2024\/08\/social.png\" \/>\n\t<meta property=\"og:image:width\" content=\"1200\" \/>\n\t<meta property=\"og:image:height\" content=\"675\" \/>\n\t<meta property=\"og:image:type\" content=\"image\/png\" \/>\n<meta name=\"twitter:card\" content=\"summary_large_image\" \/>\n<script type=\"application\/ld+json\" class=\"yoast-schema-graph\">{\"@context\":\"https:\/\/schema.org\",\"@graph\":[{\"@type\":\"WebPage\",\"@id\":\"https:\/\/rolv.pl\/pl\/new-future-project-ukraine-support-update-1\/\",\"url\":\"https:\/\/rolv.pl\/pl\/new-future-project-ukraine-support-update-1\/\",\"name\":\"NEW FUTURE PROJECT - UKRAINE SUPPORT Update #1 - ROLV Group - Ideas that connect.\",\"isPartOf\":{\"@id\":\"https:\/\/rolv.pl\/#website\"},\"datePublished\":\"2022-04-14T12:29:51+00:00\",\"dateModified\":\"2022-04-14T12:31:44+00:00\",\"breadcrumb\":{\"@id\":\"https:\/\/rolv.pl\/pl\/new-future-project-ukraine-support-update-1\/#breadcrumb\"},\"inLanguage\":\"pl-PL\",\"potentialAction\":[{\"@type\":\"ReadAction\",\"target\":[\"https:\/\/rolv.pl\/pl\/new-future-project-ukraine-support-update-1\/\"]}]},{\"@type\":\"BreadcrumbList\",\"@id\":\"https:\/\/rolv.pl\/pl\/new-future-project-ukraine-support-update-1\/#breadcrumb\",\"itemListElement\":[{\"@type\":\"ListItem\",\"position\":1,\"name\":\"Home\",\"item\":\"https:\/\/rolv.pl\/pl\/\"},{\"@type\":\"ListItem\",\"position\":2,\"name\":\"NEW FUTURE PROJECT &#8211; UKRAINE SUPPORT Update #1\"}]},{\"@type\":\"WebSite\",\"@id\":\"https:\/\/rolv.pl\/#website\",\"url\":\"https:\/\/rolv.pl\/\",\"name\":\"ROLV Group - Ideas that connect.\",\"description\":\"Sales, e-commerce and marketing support for businesses.\",\"publisher\":{\"@id\":\"https:\/\/rolv.pl\/#organization\"},\"alternateName\":\"ROLV\",\"potentialAction\":[{\"@type\":\"SearchAction\",\"target\":{\"@type\":\"EntryPoint\",\"urlTemplate\":\"https:\/\/rolv.pl\/?s={search_term_string}\"},\"query-input\":{\"@type\":\"PropertyValueSpecification\",\"valueRequired\":true,\"valueName\":\"search_term_string\"}}],\"inLanguage\":\"pl-PL\"},{\"@type\":\"Organization\",\"@id\":\"https:\/\/rolv.pl\/#organization\",\"name\":\"ROLV Group - Ideas that connect.\",\"url\":\"https:\/\/rolv.pl\/\",\"logo\":{\"@type\":\"ImageObject\",\"inLanguage\":\"pl-PL\",\"@id\":\"https:\/\/rolv.pl\/#\/schema\/logo\/image\/\",\"url\":\"https:\/\/rolv.pl\/wp-content\/uploads\/2019\/07\/RolvGroup500px.png\",\"contentUrl\":\"https:\/\/rolv.pl\/wp-content\/uploads\/2019\/07\/RolvGroup500px.png\",\"width\":500,\"height\":524,\"caption\":\"ROLV Group - Ideas that connect.\"},\"image\":{\"@id\":\"https:\/\/rolv.pl\/#\/schema\/logo\/image\/\"}}]}<\/script>\n<!-- \/ Yoast SEO plugin. -->","yoast_head_json":{"title":"NOWY PRZYSZ\u0141Y PROJEKT - UKRAI\u0143SKIE WSPARCIE Aktualizacja #1 - ROLV Group - Pomys\u0142y, kt\u00f3re \u0142\u0105cz\u0105.","robots":{"index":"index","follow":"follow","max-snippet":"max-snippet:-1","max-image-preview":"max-image-preview:large","max-video-preview":"max-video-preview:-1"},"canonical":"https:\/\/rolv.pl\/pl\/new-future-project-ukraine-support-update-1\/","og_locale":"pl_PL","og_type":"article","og_title":"NEW FUTURE PROJECT - UKRAINE SUPPORT Update #1 - ROLV Group - Ideas that connect.","og_description":"Report #1 &#8211; Choose language english polski","og_url":"https:\/\/rolv.pl\/pl\/new-future-project-ukraine-support-update-1\/","og_site_name":"ROLV Group - Ideas that connect.","article_modified_time":"2022-04-14T12:31:44+00:00","og_image":[{"width":1200,"height":675,"url":"https:\/\/rolv.pl\/wp-content\/uploads\/2024\/08\/social.png","type":"image\/png"}],"twitter_card":"summary_large_image","schema":{"@context":"https:\/\/schema.org","@graph":[{"@type":"WebPage","@id":"https:\/\/rolv.pl\/pl\/new-future-project-ukraine-support-update-1\/","url":"https:\/\/rolv.pl\/pl\/new-future-project-ukraine-support-update-1\/","name":"NOWY PRZYSZ\u0141Y PROJEKT - UKRAI\u0143SKIE WSPARCIE Aktualizacja #1 - ROLV Group - Pomys\u0142y, kt\u00f3re \u0142\u0105cz\u0105.","isPartOf":{"@id":"https:\/\/rolv.pl\/#website"},"datePublished":"2022-04-14T12:29:51+00:00","dateModified":"2022-04-14T12:31:44+00:00","breadcrumb":{"@id":"https:\/\/rolv.pl\/pl\/new-future-project-ukraine-support-update-1\/#breadcrumb"},"inLanguage":"pl-PL","potentialAction":[{"@type":"ReadAction","target":["https:\/\/rolv.pl\/pl\/new-future-project-ukraine-support-update-1\/"]}]},{"@type":"BreadcrumbList","@id":"https:\/\/rolv.pl\/pl\/new-future-project-ukraine-support-update-1\/#breadcrumb","itemListElement":[{"@type":"ListItem","position":1,"name":"Home","item":"https:\/\/rolv.pl\/pl\/"},{"@type":"ListItem","position":2,"name":"NEW FUTURE PROJECT &#8211; UKRAINE SUPPORT Update #1"}]},{"@type":"WebSite","@id":"https:\/\/rolv.pl\/#website","url":"https:\/\/rolv.pl\/","name":"ROLV Group - Pomys\u0142y, kt\u00f3re \u0142\u0105cz\u0105.","description":"Wsparcie sprzeda\u017cy, e-commerce i marketingu dla firm.","publisher":{"@id":"https:\/\/rolv.pl\/#organization"},"alternateName":"ROLV","potentialAction":[{"@type":"SearchAction","target":{"@type":"EntryPoint","urlTemplate":"https:\/\/rolv.pl\/?s={search_term_string}"},"query-input":{"@type":"PropertyValueSpecification","valueRequired":true,"valueName":"search_term_string"}}],"inLanguage":"pl-PL"},{"@type":"Organization","@id":"https:\/\/rolv.pl\/#organization","name":"ROLV Group - Pomys\u0142y, kt\u00f3re \u0142\u0105cz\u0105.","url":"https:\/\/rolv.pl\/","logo":{"@type":"ImageObject","inLanguage":"pl-PL","@id":"https:\/\/rolv.pl\/#\/schema\/logo\/image\/","url":"https:\/\/rolv.pl\/wp-content\/uploads\/2019\/07\/RolvGroup500px.png","contentUrl":"https:\/\/rolv.pl\/wp-content\/uploads\/2019\/07\/RolvGroup500px.png","width":500,"height":524,"caption":"ROLV Group - Ideas that connect."},"image":{"@id":"https:\/\/rolv.pl\/#\/schema\/logo\/image\/"}}]}},"_links":{"self":[{"href":"https:\/\/rolv.pl\/pl\/wp-json\/wp\/v2\/pages\/615","targetHints":{"allow":["GET"]}}],"collection":[{"href":"https:\/\/rolv.pl\/pl\/wp-json\/wp\/v2\/pages"}],"about":[{"href":"https:\/\/rolv.pl\/pl\/wp-json\/wp\/v2\/types\/page"}],"author":[{"embeddable":true,"href":"https:\/\/rolv.pl\/pl\/wp-json\/wp\/v2\/users\/2"}],"replies":[{"embeddable":true,"href":"https:\/\/rolv.pl\/pl\/wp-json\/wp\/v2\/comments?post=615"}],"version-history":[{"count":7,"href":"https:\/\/rolv.pl\/pl\/wp-json\/wp\/v2\/pages\/615\/revisions"}],"predecessor-version":[{"id":622,"href":"https:\/\/rolv.pl\/pl\/wp-json\/wp\/v2\/pages\/615\/revisions\/622"}],"wp:attachment":[{"href":"https:\/\/rolv.pl\/pl\/wp-json\/wp\/v2\/media?parent=615"}],"curies":[{"name":"wp","href":"https:\/\/api.w.org\/{rel}","templated":true}]}}