{"id":400,"date":"2020-06-08T10:42:47","date_gmt":"2020-06-08T08:42:47","guid":{"rendered":"https:\/\/rolv.pl\/?page_id=400"},"modified":"2020-07-08T10:51:46","modified_gmt":"2020-07-08T08:51:46","slug":"windows-10-w-laptopach-hp","status":"publish","type":"page","link":"https:\/\/rolv.pl\/pl\/offers\/windows-10-w-laptopach-hp\/","title":{"rendered":"Windows 10 Pro w laptopach HP!"},"content":{"rendered":"<div data-elementor-type=\"wp-page\" data-elementor-id=\"400\" class=\"elementor elementor-400\">\n\t\t\t\t\t\t<section class=\"elementor-section elementor-top-section elementor-element elementor-element-6792cd5 elementor-section-boxed elementor-section-height-default elementor-section-height-default\" data-id=\"6792cd5\" data-element_type=\"section\">\n\t\t\t\t\t\t<div class=\"elementor-container elementor-column-gap-default\">\n\t\t\t\t\t<div class=\"elementor-column elementor-col-100 elementor-top-column elementor-element elementor-element-67efa57\" data-id=\"67efa57\" data-element_type=\"column\">\n\t\t\t<div class=\"elementor-widget-wrap elementor-element-populated\">\n\t\t\t\t\t\t<div class=\"elementor-element elementor-element-6d913ed elementor-widget elementor-widget-image\" data-id=\"6d913ed\" data-element_type=\"widget\" data-widget_type=\"image.default\">\n\t\t\t\t<div class=\"elementor-widget-container\">\n\t\t\t\t\t\t\t\t\t\t\t\t\t\t\t\t<a href=\"mailto:rafal.maciszewski@rolv.pl\">\n\t\t\t\t\t\t\t<img fetchpriority=\"high\" decoding=\"async\" width=\"1080\" height=\"938\" src=\"https:\/\/rolv.pl\/wp-content\/uploads\/2020\/07\/ofertaspecjalna.jpg\" class=\"attachment-full size-full wp-image-404\" alt=\"\" srcset=\"https:\/\/rolv.pl\/wp-content\/uploads\/2020\/07\/ofertaspecjalna.jpg 1080w, https:\/\/rolv.pl\/wp-content\/uploads\/2020\/07\/ofertaspecjalna-300x261.jpg 300w, https:\/\/rolv.pl\/wp-content\/uploads\/2020\/07\/ofertaspecjalna-1024x889.jpg 1024w, https:\/\/rolv.pl\/wp-content\/uploads\/2020\/07\/ofertaspecjalna-768x667.jpg 768w\" sizes=\"(max-width: 1080px) 100vw, 1080px\" \/>\t\t\t\t\t\t\t\t<\/a>\n\t\t\t\t\t\t\t\t\t\t\t\t\t\t\t<\/div>\n\t\t\t\t<\/div>\n\t\t\t\t\t<\/div>\n\t\t<\/div>\n\t\t\t\t\t<\/div>\n\t\t<\/section>\n\t\t\t\t<\/div>","protected":false},"excerpt":{"rendered":"","protected":false},"author":2,"featured_media":0,"parent":334,"menu_order":0,"comment_status":"closed","ping_status":"closed","template":"page-templates\/template-pagebuilder-full-width.php","meta":{"neve_meta_sidebar":"","neve_meta_container":"","neve_meta_enable_content_width":"","neve_meta_content_width":70,"neve_meta_title_alignment":"","neve_meta_author_avatar":"","neve_post_elements_order":"","neve_meta_disable_header":"","neve_meta_disable_footer":"","neve_meta_disable_title":"","footnotes":""},"class_list":["post-400","page","type-page","status-publish","hentry"],"yoast_head":"<!-- This site is optimized with the Yoast SEO plugin v26.4 - https:\/\/yoast.com\/wordpress\/plugins\/seo\/ -->\n<title>Windows 10 Pro w laptopach HP! - ROLV Group - Ideas that connect.<\/title>\n<meta name=\"robots\" content=\"index, follow, max-snippet:-1, max-image-preview:large, max-video-preview:-1\" \/>\n<link rel=\"canonical\" href=\"https:\/\/rolv.pl\/pl\/offers\/windows-10-w-laptopach-hp\/\" \/>\n<meta property=\"og:locale\" content=\"pl_PL\" \/>\n<meta property=\"og:type\" content=\"article\" \/>\n<meta property=\"og:title\" content=\"Windows 10 Pro w laptopach HP! - ROLV Group - Ideas that connect.\" \/>\n<meta property=\"og:url\" content=\"https:\/\/rolv.pl\/pl\/offers\/windows-10-w-laptopach-hp\/\" \/>\n<meta property=\"og:site_name\" content=\"ROLV Group - Ideas that connect.\" \/>\n<meta property=\"article:modified_time\" content=\"2020-07-08T08:51:46+00:00\" \/>\n<meta property=\"og:image\" content=\"https:\/\/rolv.pl\/wp-content\/uploads\/2020\/07\/ofertaspecjalna.jpg\" \/>\n<meta name=\"twitter:card\" content=\"summary_large_image\" \/>\n<script type=\"application\/ld+json\" class=\"yoast-schema-graph\">{\"@context\":\"https:\/\/schema.org\",\"@graph\":[{\"@type\":\"WebPage\",\"@id\":\"https:\/\/rolv.pl\/offers\/windows-10-w-laptopach-hp\/\",\"url\":\"https:\/\/rolv.pl\/offers\/windows-10-w-laptopach-hp\/\",\"name\":\"Windows 10 Pro w laptopach HP! - ROLV Group - Ideas that connect.\",\"isPartOf\":{\"@id\":\"https:\/\/rolv.pl\/#website\"},\"primaryImageOfPage\":{\"@id\":\"https:\/\/rolv.pl\/offers\/windows-10-w-laptopach-hp\/#primaryimage\"},\"image\":{\"@id\":\"https:\/\/rolv.pl\/offers\/windows-10-w-laptopach-hp\/#primaryimage\"},\"thumbnailUrl\":\"https:\/\/rolv.pl\/wp-content\/uploads\/2020\/07\/ofertaspecjalna.jpg\",\"datePublished\":\"2020-06-08T08:42:47+00:00\",\"dateModified\":\"2020-07-08T08:51:46+00:00\",\"breadcrumb\":{\"@id\":\"https:\/\/rolv.pl\/offers\/windows-10-w-laptopach-hp\/#breadcrumb\"},\"inLanguage\":\"pl-PL\",\"potentialAction\":[{\"@type\":\"ReadAction\",\"target\":[\"https:\/\/rolv.pl\/offers\/windows-10-w-laptopach-hp\/\"]}]},{\"@type\":\"ImageObject\",\"inLanguage\":\"pl-PL\",\"@id\":\"https:\/\/rolv.pl\/offers\/windows-10-w-laptopach-hp\/#primaryimage\",\"url\":\"https:\/\/rolv.pl\/wp-content\/uploads\/2020\/07\/ofertaspecjalna.jpg\",\"contentUrl\":\"https:\/\/rolv.pl\/wp-content\/uploads\/2020\/07\/ofertaspecjalna.jpg\"},{\"@type\":\"BreadcrumbList\",\"@id\":\"https:\/\/rolv.pl\/offers\/windows-10-w-laptopach-hp\/#breadcrumb\",\"itemListElement\":[{\"@type\":\"ListItem\",\"position\":1,\"name\":\"Home\",\"item\":\"https:\/\/rolv.pl\/pl\/\"},{\"@type\":\"ListItem\",\"position\":2,\"name\":\"Offers\",\"item\":\"https:\/\/rolv.pl\/pl\/offers\/\"},{\"@type\":\"ListItem\",\"position\":3,\"name\":\"Windows 10 Pro w laptopach HP!\"}]},{\"@type\":\"WebSite\",\"@id\":\"https:\/\/rolv.pl\/#website\",\"url\":\"https:\/\/rolv.pl\/\",\"name\":\"ROLV Group - Ideas that connect.\",\"description\":\"Sales, e-commerce and marketing support for businesses.\",\"publisher\":{\"@id\":\"https:\/\/rolv.pl\/#organization\"},\"alternateName\":\"ROLV\",\"potentialAction\":[{\"@type\":\"SearchAction\",\"target\":{\"@type\":\"EntryPoint\",\"urlTemplate\":\"https:\/\/rolv.pl\/?s={search_term_string}\"},\"query-input\":{\"@type\":\"PropertyValueSpecification\",\"valueRequired\":true,\"valueName\":\"search_term_string\"}}],\"inLanguage\":\"pl-PL\"},{\"@type\":\"Organization\",\"@id\":\"https:\/\/rolv.pl\/#organization\",\"name\":\"ROLV Group - Ideas that connect.\",\"url\":\"https:\/\/rolv.pl\/\",\"logo\":{\"@type\":\"ImageObject\",\"inLanguage\":\"pl-PL\",\"@id\":\"https:\/\/rolv.pl\/#\/schema\/logo\/image\/\",\"url\":\"https:\/\/rolv.pl\/wp-content\/uploads\/2019\/07\/RolvGroup500px.png\",\"contentUrl\":\"https:\/\/rolv.pl\/wp-content\/uploads\/2019\/07\/RolvGroup500px.png\",\"width\":500,\"height\":524,\"caption\":\"ROLV Group - Ideas that connect.\"},\"image\":{\"@id\":\"https:\/\/rolv.pl\/#\/schema\/logo\/image\/\"}}]}<\/script>\n<!-- \/ Yoast SEO plugin. -->","yoast_head_json":{"title":"Windows 10 Pro w laptopach HP! - ROLV Group - Pomys\u0142y, kt\u00f3re \u0142\u0105cz\u0105.","robots":{"index":"index","follow":"follow","max-snippet":"max-snippet:-1","max-image-preview":"max-image-preview:large","max-video-preview":"max-video-preview:-1"},"canonical":"https:\/\/rolv.pl\/pl\/offers\/windows-10-w-laptopach-hp\/","og_locale":"pl_PL","og_type":"article","og_title":"Windows 10 Pro w laptopach HP! - ROLV Group - Ideas that connect.","og_url":"https:\/\/rolv.pl\/pl\/offers\/windows-10-w-laptopach-hp\/","og_site_name":"ROLV Group - Ideas that connect.","article_modified_time":"2020-07-08T08:51:46+00:00","og_image":[{"url":"https:\/\/rolv.pl\/wp-content\/uploads\/2020\/07\/ofertaspecjalna.jpg","type":"","width":"","height":""}],"twitter_card":"summary_large_image","schema":{"@context":"https:\/\/schema.org","@graph":[{"@type":"WebPage","@id":"https:\/\/rolv.pl\/offers\/windows-10-w-laptopach-hp\/","url":"https:\/\/rolv.pl\/offers\/windows-10-w-laptopach-hp\/","name":"Windows 10 Pro w laptopach HP! - ROLV Group - Pomys\u0142y, kt\u00f3re \u0142\u0105cz\u0105.","isPartOf":{"@id":"https:\/\/rolv.pl\/#website"},"primaryImageOfPage":{"@id":"https:\/\/rolv.pl\/offers\/windows-10-w-laptopach-hp\/#primaryimage"},"image":{"@id":"https:\/\/rolv.pl\/offers\/windows-10-w-laptopach-hp\/#primaryimage"},"thumbnailUrl":"https:\/\/rolv.pl\/wp-content\/uploads\/2020\/07\/ofertaspecjalna.jpg","datePublished":"2020-06-08T08:42:47+00:00","dateModified":"2020-07-08T08:51:46+00:00","breadcrumb":{"@id":"https:\/\/rolv.pl\/offers\/windows-10-w-laptopach-hp\/#breadcrumb"},"inLanguage":"pl-PL","potentialAction":[{"@type":"ReadAction","target":["https:\/\/rolv.pl\/offers\/windows-10-w-laptopach-hp\/"]}]},{"@type":"ImageObject","inLanguage":"pl-PL","@id":"https:\/\/rolv.pl\/offers\/windows-10-w-laptopach-hp\/#primaryimage","url":"https:\/\/rolv.pl\/wp-content\/uploads\/2020\/07\/ofertaspecjalna.jpg","contentUrl":"https:\/\/rolv.pl\/wp-content\/uploads\/2020\/07\/ofertaspecjalna.jpg"},{"@type":"BreadcrumbList","@id":"https:\/\/rolv.pl\/offers\/windows-10-w-laptopach-hp\/#breadcrumb","itemListElement":[{"@type":"ListItem","position":1,"name":"Home","item":"https:\/\/rolv.pl\/pl\/"},{"@type":"ListItem","position":2,"name":"Offers","item":"https:\/\/rolv.pl\/pl\/offers\/"},{"@type":"ListItem","position":3,"name":"Windows 10 Pro w laptopach HP!"}]},{"@type":"WebSite","@id":"https:\/\/rolv.pl\/#website","url":"https:\/\/rolv.pl\/","name":"ROLV Group - Pomys\u0142y, kt\u00f3re \u0142\u0105cz\u0105.","description":"Wsparcie sprzeda\u017cy, e-commerce i marketingu dla firm.","publisher":{"@id":"https:\/\/rolv.pl\/#organization"},"alternateName":"ROLV","potentialAction":[{"@type":"SearchAction","target":{"@type":"EntryPoint","urlTemplate":"https:\/\/rolv.pl\/?s={search_term_string}"},"query-input":{"@type":"PropertyValueSpecification","valueRequired":true,"valueName":"search_term_string"}}],"inLanguage":"pl-PL"},{"@type":"Organization","@id":"https:\/\/rolv.pl\/#organization","name":"ROLV Group - Pomys\u0142y, kt\u00f3re \u0142\u0105cz\u0105.","url":"https:\/\/rolv.pl\/","logo":{"@type":"ImageObject","inLanguage":"pl-PL","@id":"https:\/\/rolv.pl\/#\/schema\/logo\/image\/","url":"https:\/\/rolv.pl\/wp-content\/uploads\/2019\/07\/RolvGroup500px.png","contentUrl":"https:\/\/rolv.pl\/wp-content\/uploads\/2019\/07\/RolvGroup500px.png","width":500,"height":524,"caption":"ROLV Group - Ideas that connect."},"image":{"@id":"https:\/\/rolv.pl\/#\/schema\/logo\/image\/"}}]}},"_links":{"self":[{"href":"https:\/\/rolv.pl\/pl\/wp-json\/wp\/v2\/pages\/400","targetHints":{"allow":["GET"]}}],"collection":[{"href":"https:\/\/rolv.pl\/pl\/wp-json\/wp\/v2\/pages"}],"about":[{"href":"https:\/\/rolv.pl\/pl\/wp-json\/wp\/v2\/types\/page"}],"author":[{"embeddable":true,"href":"https:\/\/rolv.pl\/pl\/wp-json\/wp\/v2\/users\/2"}],"replies":[{"embeddable":true,"href":"https:\/\/rolv.pl\/pl\/wp-json\/wp\/v2\/comments?post=400"}],"version-history":[{"count":9,"href":"https:\/\/rolv.pl\/pl\/wp-json\/wp\/v2\/pages\/400\/revisions"}],"predecessor-version":[{"id":411,"href":"https:\/\/rolv.pl\/pl\/wp-json\/wp\/v2\/pages\/400\/revisions\/411"}],"up":[{"embeddable":true,"href":"https:\/\/rolv.pl\/pl\/wp-json\/wp\/v2\/pages\/334"}],"wp:attachment":[{"href":"https:\/\/rolv.pl\/pl\/wp-json\/wp\/v2\/media?parent=400"}],"curies":[{"name":"wp","href":"https:\/\/api.w.org\/{rel}","templated":true}]}}