{"id":334,"date":"2020-03-24T14:53:15","date_gmt":"2020-03-24T13:53:15","guid":{"rendered":"https:\/\/rolv.pl\/?page_id=334"},"modified":"2020-07-31T11:44:12","modified_gmt":"2020-07-31T09:44:12","slug":"offers","status":"publish","type":"page","link":"https:\/\/rolv.pl\/pl\/offers\/","title":{"rendered":"Oferty"},"content":{"rendered":"<div data-elementor-type=\"wp-page\" data-elementor-id=\"334\" class=\"elementor elementor-334\">\n\t\t\t\t\t\t<section class=\"elementor-section elementor-top-section elementor-element elementor-element-3c8c518 elementor-section-boxed elementor-section-height-default elementor-section-height-default\" data-id=\"3c8c518\" data-element_type=\"section\">\n\t\t\t\t\t\t<div class=\"elementor-container elementor-column-gap-default\">\n\t\t\t\t\t<div class=\"elementor-column elementor-col-100 elementor-top-column elementor-element elementor-element-6e4c00f\" data-id=\"6e4c00f\" data-element_type=\"column\">\n\t\t\t<div class=\"elementor-widget-wrap elementor-element-populated\">\n\t\t\t\t\t\t<div class=\"elementor-element elementor-element-93b0a38 elementor-widget elementor-widget-image\" data-id=\"93b0a38\" data-element_type=\"widget\" data-widget_type=\"image.default\">\n\t\t\t\t<div class=\"elementor-widget-container\">\n\t\t\t\t\t\t\t\t\t\t\t\t\t\t\t\t<a href=\"mailto:rafal.maciszewski@rolv.pl\" target=\"_blank\">\n\t\t\t\t\t\t\t<img fetchpriority=\"high\" decoding=\"async\" width=\"1080\" height=\"938\" src=\"https:\/\/rolv.pl\/wp-content\/uploads\/2020\/07\/hp-windows-10-pro-offer.jpg\" class=\"attachment-full size-full wp-image-426\" alt=\"\" srcset=\"https:\/\/rolv.pl\/wp-content\/uploads\/2020\/07\/hp-windows-10-pro-offer.jpg 1080w, https:\/\/rolv.pl\/wp-content\/uploads\/2020\/07\/hp-windows-10-pro-offer-300x261.jpg 300w, https:\/\/rolv.pl\/wp-content\/uploads\/2020\/07\/hp-windows-10-pro-offer-1024x889.jpg 1024w, https:\/\/rolv.pl\/wp-content\/uploads\/2020\/07\/hp-windows-10-pro-offer-768x667.jpg 768w\" sizes=\"(max-width: 1080px) 100vw, 1080px\" \/>\t\t\t\t\t\t\t\t<\/a>\n\t\t\t\t\t\t\t\t\t\t\t\t\t\t\t<\/div>\n\t\t\t\t<\/div>\n\t\t\t\t<div class=\"elementor-element elementor-element-4a78111 elementor-widget elementor-widget-heading\" data-id=\"4a78111\" data-element_type=\"widget\" data-widget_type=\"heading.default\">\n\t\t\t\t<div class=\"elementor-widget-container\">\n\t\t\t\t\t<h5 class=\"elementor-heading-title elementor-size-default\"><a href=\"mailto:rafal.maciszewski@rolv.pl\">Zapytaj o szczeg\u00f3\u0142y<\/a><\/h5>\t\t\t\t<\/div>\n\t\t\t\t<\/div>\n\t\t\t\t<div class=\"elementor-element elementor-element-0fd083d elementor-widget elementor-widget-image\" data-id=\"0fd083d\" data-element_type=\"widget\" data-widget_type=\"image.default\">\n\t\t\t\t<div class=\"elementor-widget-container\">\n\t\t\t\t\t\t\t\t\t\t\t\t\t\t\t\t<a href=\"\/pl\/offers\/oferta-specjalna-hp-x360\/\">\n\t\t\t\t\t\t\t<img decoding=\"async\" width=\"1080\" height=\"938\" src=\"https:\/\/rolv.pl\/wp-content\/uploads\/2020\/03\/baner-1-1.jpg\" class=\"attachment-full size-full wp-image-340\" alt=\"\" srcset=\"https:\/\/rolv.pl\/wp-content\/uploads\/2020\/03\/baner-1-1.jpg 1080w, https:\/\/rolv.pl\/wp-content\/uploads\/2020\/03\/baner-1-1-300x261.jpg 300w, https:\/\/rolv.pl\/wp-content\/uploads\/2020\/03\/baner-1-1-768x667.jpg 768w, https:\/\/rolv.pl\/wp-content\/uploads\/2020\/03\/baner-1-1-1024x889.jpg 1024w\" sizes=\"(max-width: 1080px) 100vw, 1080px\" \/>\t\t\t\t\t\t\t\t<\/a>\n\t\t\t\t\t\t\t\t\t\t\t\t\t\t\t<\/div>\n\t\t\t\t<\/div>\n\t\t\t\t<div class=\"elementor-element elementor-element-caf3d35 elementor-widget elementor-widget-heading\" data-id=\"caf3d35\" data-element_type=\"widget\" data-widget_type=\"heading.default\">\n\t\t\t\t<div class=\"elementor-widget-container\">\n\t\t\t\t\t<h5 class=\"elementor-heading-title elementor-size-default\"><a href=\"mailto:rafal.maciszewski@rolv.pl\">Zapytaj o szczeg\u00f3\u0142y<\/a><\/h5>\t\t\t\t<\/div>\n\t\t\t\t<\/div>\n\t\t\t\t\t<\/div>\n\t\t<\/div>\n\t\t\t\t\t<\/div>\n\t\t<\/section>\n\t\t\t\t<\/div>","protected":false},"excerpt":{"rendered":"<p>Zapytaj o szczeg\u00f3\u0142y Zapytaj o szczeg\u00f3\u0142y<\/p>","protected":false},"author":2,"featured_media":0,"parent":0,"menu_order":0,"comment_status":"closed","ping_status":"closed","template":"","meta":{"neve_meta_sidebar":"","neve_meta_container":"","neve_meta_enable_content_width":"","neve_meta_content_width":70,"neve_meta_title_alignment":"","neve_meta_author_avatar":"","neve_post_elements_order":"","neve_meta_disable_header":"","neve_meta_disable_footer":"","neve_meta_disable_title":"","footnotes":""},"class_list":["post-334","page","type-page","status-publish","hentry"],"yoast_head":"<!-- This site is optimized with the Yoast SEO plugin v26.4 - https:\/\/yoast.com\/wordpress\/plugins\/seo\/ -->\n<title>Offers - ROLV Group - Ideas that connect.<\/title>\n<meta name=\"robots\" content=\"index, follow, max-snippet:-1, max-image-preview:large, max-video-preview:-1\" \/>\n<link rel=\"canonical\" href=\"https:\/\/rolv.pl\/pl\/offers\/\" \/>\n<meta property=\"og:locale\" content=\"pl_PL\" \/>\n<meta property=\"og:type\" content=\"article\" \/>\n<meta property=\"og:title\" content=\"Offers - ROLV Group - Ideas that connect.\" \/>\n<meta property=\"og:description\" content=\"Zapytaj o szczeg\u00f3\u0142y Zapytaj o szczeg\u00f3\u0142y\" \/>\n<meta property=\"og:url\" content=\"https:\/\/rolv.pl\/pl\/offers\/\" \/>\n<meta property=\"og:site_name\" content=\"ROLV Group - Ideas that connect.\" \/>\n<meta property=\"article:modified_time\" content=\"2020-07-31T09:44:12+00:00\" \/>\n<meta property=\"og:image\" content=\"https:\/\/rolv.pl\/wp-content\/uploads\/2020\/07\/hp-windows-10-pro-offer.jpg\" \/>\n<meta name=\"twitter:card\" content=\"summary_large_image\" \/>\n<script type=\"application\/ld+json\" class=\"yoast-schema-graph\">{\"@context\":\"https:\/\/schema.org\",\"@graph\":[{\"@type\":\"WebPage\",\"@id\":\"https:\/\/rolv.pl\/pl\/offers\/\",\"url\":\"https:\/\/rolv.pl\/pl\/offers\/\",\"name\":\"Offers - ROLV Group - Ideas that connect.\",\"isPartOf\":{\"@id\":\"https:\/\/rolv.pl\/#website\"},\"primaryImageOfPage\":{\"@id\":\"https:\/\/rolv.pl\/pl\/offers\/#primaryimage\"},\"image\":{\"@id\":\"https:\/\/rolv.pl\/pl\/offers\/#primaryimage\"},\"thumbnailUrl\":\"https:\/\/rolv.pl\/wp-content\/uploads\/2020\/07\/hp-windows-10-pro-offer.jpg\",\"datePublished\":\"2020-03-24T13:53:15+00:00\",\"dateModified\":\"2020-07-31T09:44:12+00:00\",\"breadcrumb\":{\"@id\":\"https:\/\/rolv.pl\/pl\/offers\/#breadcrumb\"},\"inLanguage\":\"pl-PL\",\"potentialAction\":[{\"@type\":\"ReadAction\",\"target\":[\"https:\/\/rolv.pl\/pl\/offers\/\"]}]},{\"@type\":\"ImageObject\",\"inLanguage\":\"pl-PL\",\"@id\":\"https:\/\/rolv.pl\/pl\/offers\/#primaryimage\",\"url\":\"https:\/\/rolv.pl\/wp-content\/uploads\/2020\/07\/hp-windows-10-pro-offer.jpg\",\"contentUrl\":\"https:\/\/rolv.pl\/wp-content\/uploads\/2020\/07\/hp-windows-10-pro-offer.jpg\"},{\"@type\":\"BreadcrumbList\",\"@id\":\"https:\/\/rolv.pl\/pl\/offers\/#breadcrumb\",\"itemListElement\":[{\"@type\":\"ListItem\",\"position\":1,\"name\":\"Home\",\"item\":\"https:\/\/rolv.pl\/pl\/\"},{\"@type\":\"ListItem\",\"position\":2,\"name\":\"Offers\"}]},{\"@type\":\"WebSite\",\"@id\":\"https:\/\/rolv.pl\/#website\",\"url\":\"https:\/\/rolv.pl\/\",\"name\":\"ROLV Group - Ideas that connect.\",\"description\":\"Sales, e-commerce and marketing support for businesses.\",\"publisher\":{\"@id\":\"https:\/\/rolv.pl\/#organization\"},\"alternateName\":\"ROLV\",\"potentialAction\":[{\"@type\":\"SearchAction\",\"target\":{\"@type\":\"EntryPoint\",\"urlTemplate\":\"https:\/\/rolv.pl\/?s={search_term_string}\"},\"query-input\":{\"@type\":\"PropertyValueSpecification\",\"valueRequired\":true,\"valueName\":\"search_term_string\"}}],\"inLanguage\":\"pl-PL\"},{\"@type\":\"Organization\",\"@id\":\"https:\/\/rolv.pl\/#organization\",\"name\":\"ROLV Group - Ideas that connect.\",\"url\":\"https:\/\/rolv.pl\/\",\"logo\":{\"@type\":\"ImageObject\",\"inLanguage\":\"pl-PL\",\"@id\":\"https:\/\/rolv.pl\/#\/schema\/logo\/image\/\",\"url\":\"https:\/\/rolv.pl\/wp-content\/uploads\/2019\/07\/RolvGroup500px.png\",\"contentUrl\":\"https:\/\/rolv.pl\/wp-content\/uploads\/2019\/07\/RolvGroup500px.png\",\"width\":500,\"height\":524,\"caption\":\"ROLV Group - Ideas that connect.\"},\"image\":{\"@id\":\"https:\/\/rolv.pl\/#\/schema\/logo\/image\/\"}}]}<\/script>\n<!-- \/ Yoast SEO plugin. -->","yoast_head_json":{"title":"Oferty - Grupa ROLV - Pomys\u0142y, kt\u00f3re \u0142\u0105cz\u0105.","robots":{"index":"index","follow":"follow","max-snippet":"max-snippet:-1","max-image-preview":"max-image-preview:large","max-video-preview":"max-video-preview:-1"},"canonical":"https:\/\/rolv.pl\/pl\/offers\/","og_locale":"pl_PL","og_type":"article","og_title":"Offers - ROLV Group - Ideas that connect.","og_description":"Zapytaj o szczeg\u00f3\u0142y Zapytaj o szczeg\u00f3\u0142y","og_url":"https:\/\/rolv.pl\/pl\/offers\/","og_site_name":"ROLV Group - Ideas that connect.","article_modified_time":"2020-07-31T09:44:12+00:00","og_image":[{"url":"https:\/\/rolv.pl\/wp-content\/uploads\/2020\/07\/hp-windows-10-pro-offer.jpg","type":"","width":"","height":""}],"twitter_card":"summary_large_image","schema":{"@context":"https:\/\/schema.org","@graph":[{"@type":"WebPage","@id":"https:\/\/rolv.pl\/pl\/offers\/","url":"https:\/\/rolv.pl\/pl\/offers\/","name":"Oferty - Grupa ROLV - Pomys\u0142y, kt\u00f3re \u0142\u0105cz\u0105.","isPartOf":{"@id":"https:\/\/rolv.pl\/#website"},"primaryImageOfPage":{"@id":"https:\/\/rolv.pl\/pl\/offers\/#primaryimage"},"image":{"@id":"https:\/\/rolv.pl\/pl\/offers\/#primaryimage"},"thumbnailUrl":"https:\/\/rolv.pl\/wp-content\/uploads\/2020\/07\/hp-windows-10-pro-offer.jpg","datePublished":"2020-03-24T13:53:15+00:00","dateModified":"2020-07-31T09:44:12+00:00","breadcrumb":{"@id":"https:\/\/rolv.pl\/pl\/offers\/#breadcrumb"},"inLanguage":"pl-PL","potentialAction":[{"@type":"ReadAction","target":["https:\/\/rolv.pl\/pl\/offers\/"]}]},{"@type":"ImageObject","inLanguage":"pl-PL","@id":"https:\/\/rolv.pl\/pl\/offers\/#primaryimage","url":"https:\/\/rolv.pl\/wp-content\/uploads\/2020\/07\/hp-windows-10-pro-offer.jpg","contentUrl":"https:\/\/rolv.pl\/wp-content\/uploads\/2020\/07\/hp-windows-10-pro-offer.jpg"},{"@type":"BreadcrumbList","@id":"https:\/\/rolv.pl\/pl\/offers\/#breadcrumb","itemListElement":[{"@type":"ListItem","position":1,"name":"Home","item":"https:\/\/rolv.pl\/pl\/"},{"@type":"ListItem","position":2,"name":"Offers"}]},{"@type":"WebSite","@id":"https:\/\/rolv.pl\/#website","url":"https:\/\/rolv.pl\/","name":"ROLV Group - Pomys\u0142y, kt\u00f3re \u0142\u0105cz\u0105.","description":"Wsparcie sprzeda\u017cy, e-commerce i marketingu dla firm.","publisher":{"@id":"https:\/\/rolv.pl\/#organization"},"alternateName":"ROLV","potentialAction":[{"@type":"SearchAction","target":{"@type":"EntryPoint","urlTemplate":"https:\/\/rolv.pl\/?s={search_term_string}"},"query-input":{"@type":"PropertyValueSpecification","valueRequired":true,"valueName":"search_term_string"}}],"inLanguage":"pl-PL"},{"@type":"Organization","@id":"https:\/\/rolv.pl\/#organization","name":"ROLV Group - Pomys\u0142y, kt\u00f3re \u0142\u0105cz\u0105.","url":"https:\/\/rolv.pl\/","logo":{"@type":"ImageObject","inLanguage":"pl-PL","@id":"https:\/\/rolv.pl\/#\/schema\/logo\/image\/","url":"https:\/\/rolv.pl\/wp-content\/uploads\/2019\/07\/RolvGroup500px.png","contentUrl":"https:\/\/rolv.pl\/wp-content\/uploads\/2019\/07\/RolvGroup500px.png","width":500,"height":524,"caption":"ROLV Group - Ideas that connect."},"image":{"@id":"https:\/\/rolv.pl\/#\/schema\/logo\/image\/"}}]}},"_links":{"self":[{"href":"https:\/\/rolv.pl\/pl\/wp-json\/wp\/v2\/pages\/334","targetHints":{"allow":["GET"]}}],"collection":[{"href":"https:\/\/rolv.pl\/pl\/wp-json\/wp\/v2\/pages"}],"about":[{"href":"https:\/\/rolv.pl\/pl\/wp-json\/wp\/v2\/types\/page"}],"author":[{"embeddable":true,"href":"https:\/\/rolv.pl\/pl\/wp-json\/wp\/v2\/users\/2"}],"replies":[{"embeddable":true,"href":"https:\/\/rolv.pl\/pl\/wp-json\/wp\/v2\/comments?post=334"}],"version-history":[{"count":17,"href":"https:\/\/rolv.pl\/pl\/wp-json\/wp\/v2\/pages\/334\/revisions"}],"predecessor-version":[{"id":431,"href":"https:\/\/rolv.pl\/pl\/wp-json\/wp\/v2\/pages\/334\/revisions\/431"}],"wp:attachment":[{"href":"https:\/\/rolv.pl\/pl\/wp-json\/wp\/v2\/media?parent=334"}],"curies":[{"name":"wp","href":"https:\/\/api.w.org\/{rel}","templated":true}]}}