{"id":286,"date":"2019-07-15T23:53:54","date_gmt":"2019-07-15T21:53:54","guid":{"rendered":"https:\/\/rolv.pl\/?page_id=286"},"modified":"2024-11-28T15:32:09","modified_gmt":"2024-11-28T14:32:09","slug":"contact-us","status":"publish","type":"page","link":"https:\/\/rolv.pl\/pl\/contact-us\/","title":{"rendered":"Kontakt"},"content":{"rendered":"<div data-elementor-type=\"wp-post\" data-elementor-id=\"286\" class=\"elementor elementor-286\">\n\t\t\t\t\t\t<section class=\"elementor-section elementor-top-section elementor-element elementor-element-5d56bfb elementor-section-boxed elementor-section-height-default elementor-section-height-default\" data-id=\"5d56bfb\" data-element_type=\"section\">\n\t\t\t\t\t\t<div class=\"elementor-container elementor-column-gap-default\">\n\t\t\t\t\t<div class=\"elementor-column elementor-col-33 elementor-top-column elementor-element elementor-element-ec5886c\" data-id=\"ec5886c\" data-element_type=\"column\">\n\t\t\t<div class=\"elementor-widget-wrap elementor-element-populated\">\n\t\t\t\t\t\t<div class=\"elementor-element elementor-element-f71bc03 elementor-widget elementor-widget-heading\" data-id=\"f71bc03\" data-element_type=\"widget\" data-widget_type=\"heading.default\">\n\t\t\t\t<div class=\"elementor-widget-container\">\n\t\t\t\t\t<h2 class=\"elementor-heading-title elementor-size-default\">Adres<\/h2>\t\t\t\t<\/div>\n\t\t\t\t<\/div>\n\t\t\t\t<div class=\"elementor-element elementor-element-9ea2aed elementor-widget elementor-widget-text-editor\" data-id=\"9ea2aed\" data-element_type=\"widget\" data-widget_type=\"text-editor.default\">\n\t\t\t\t<div class=\"elementor-widget-container\">\n\t\t\t\t\t\t\t\t\t<h6>ROLV Group Sp. z o.o.<br \/>Traktowa 6<br \/>Pruszk\u00f3w 05-800<br \/>NIP: 5342472319<\/h6><p><b>Firmowy adres e-mail: info@rolv.pl<\/b><\/p><p data-select-like-a-boss=\"1\"><span style=\"color: #999999;\">S\u0105d Rejonowy dla m.st. Warszawy XIV Wydzia\u0142 Gospodarczy Krajowego Rejestru S\u0105dowego, Numer Krajowego Rejestru S\u0105dowego 0000387535.<\/span><\/p><p><span style=\"color: #999999;\">NIP: PL5342472319, REGON: 142955045, Kapita\u0142 zak\u0142adowy op\u0142acony w ca\u0142o\u015bci: 636.000,00 z\u0142.<\/span><\/p><p><span style=\"color: #999999;\">Numer identyfikacyjny i rejestracyjny podmiotu gospodarczego (EORI) PL534247231900000<\/span><\/p>\t\t\t\t\t\t\t\t<\/div>\n\t\t\t\t<\/div>\n\t\t\t\t\t<\/div>\n\t\t<\/div>\n\t\t\t\t<div class=\"elementor-column elementor-col-66 elementor-top-column elementor-element elementor-element-0280156\" data-id=\"0280156\" data-element_type=\"column\">\n\t\t\t<div class=\"elementor-widget-wrap elementor-element-populated\">\n\t\t\t\t\t\t<div class=\"elementor-element elementor-element-d62c236 elementor-widget elementor-widget-google_maps\" data-id=\"d62c236\" data-element_type=\"widget\" data-widget_type=\"google_maps.default\">\n\t\t\t\t<div class=\"elementor-widget-container\">\n\t\t\t\t\t\t\t<div class=\"elementor-custom-embed\">\n\t\t\t<iframe loading=\"lazy\"\n\t\t\t\t\tsrc=\"https:\/\/maps.google.com\/maps?q=ul..%20Traktowa%206%2C%20Pruszk%C3%B3w&#038;t=m&#038;z=10&#038;output=embed&#038;iwloc=near\"\n\t\t\t\t\ttitle=\"ul. Traktowa 6, Pruszk\u00f3w\"\n\t\t\t\t\taria-label=\"ul. Traktowa 6, Pruszk\u00f3w\"\n\t\t\t><\/iframe>\n\t\t<\/div>\n\t\t\t\t\t\t<\/div>\n\t\t\t\t<\/div>\n\t\t\t\t\t<\/div>\n\t\t<\/div>\n\t\t\t\t\t<\/div>\n\t\t<\/section>\n\t\t\t\t<section class=\"elementor-section elementor-top-section elementor-element elementor-element-2c1d53ac elementor-section-boxed elementor-section-height-default elementor-section-height-default\" data-id=\"2c1d53ac\" data-element_type=\"section\">\n\t\t\t\t\t\t<div class=\"elementor-container elementor-column-gap-default\">\n\t\t\t\t\t<div class=\"elementor-column elementor-col-100 elementor-top-column elementor-element elementor-element-70216dc0\" data-id=\"70216dc0\" data-element_type=\"column\">\n\t\t\t<div class=\"elementor-widget-wrap elementor-element-populated\">\n\t\t\t\t\t\t<div class=\"elementor-element elementor-element-748bd43b elementor-widget elementor-widget-text-editor\" data-id=\"748bd43b\" data-element_type=\"widget\" data-widget_type=\"text-editor.default\">\n\t\t\t\t<div class=\"elementor-widget-container\">\n\t\t\t\t\t\t\t\t\t<h4 data-select-like-a-boss=\"1\">Porozmawiajmy o Twoim projekcie<\/h4>\t\t\t\t\t\t\t\t<\/div>\n\t\t\t\t<\/div>\n\t\t\t\t\t<\/div>\n\t\t<\/div>\n\t\t\t\t\t<\/div>\n\t\t<\/section>\n\t\t\t\t<section class=\"elementor-section elementor-top-section elementor-element elementor-element-e55a679 elementor-section-boxed elementor-section-height-default elementor-section-height-default\" data-id=\"e55a679\" data-element_type=\"section\">\n\t\t\t\t\t\t<div class=\"elementor-container elementor-column-gap-default\">\n\t\t\t\t\t<div class=\"elementor-column elementor-col-100 elementor-top-column elementor-element elementor-element-e819633\" data-id=\"e819633\" data-element_type=\"column\">\n\t\t\t<div class=\"elementor-widget-wrap elementor-element-populated\">\n\t\t\t\t\t\t<div class=\"elementor-element elementor-element-f21971c elementor-widget elementor-widget-wpforms\" data-id=\"f21971c\" data-element_type=\"widget\" data-widget_type=\"wpforms.default\">\n\t\t\t\t<div class=\"elementor-widget-container\">\n\t\t\t\t\t<div class=\"wpforms-container wpforms-container-full wpforms-render-modern\" id=\"wpforms-2087\"><form id=\"wpforms-form-2087\" class=\"wpforms-validate wpforms-form wpforms-ajax-form\" data-formid=\"2087\" method=\"post\" enctype=\"multipart\/form-data\" action=\"\/pl\/wp-json\/wp\/v2\/pages\/286\" data-token=\"343bc15f0821e4083369e816dc8c73f1\" data-token-time=\"1776682224\" data-trp-original-action=\"\/pl\/wp-json\/wp\/v2\/pages\/286\"><noscript class=\"wpforms-error-noscript\">Aby wype\u0142ni\u0107 ten formularz, w\u0142\u0105cz obs\u0142ug\u0119 JavaScript w przegl\u0105darce.<\/noscript><div id=\"wpforms-error-noscript\" style=\"display: none;\">Aby wype\u0142ni\u0107 ten formularz, w\u0142\u0105cz obs\u0142ug\u0119 JavaScript w przegl\u0105darce.<\/div><div class=\"wpforms-field-container\"><div id=\"wpforms-2087-field_1-container\" class=\"wpforms-field wpforms-field-name\" data-field-id=\"1\"><label class=\"wpforms-field-label\" for=\"wpforms-2087-field_1\">Imi\u0119 i nazwisko <span class=\"wpforms-required-label\" aria-hidden=\"true\">*<\/span><\/label><input type=\"text\" id=\"wpforms-2087-field_1\" class=\"wpforms-field-medium wpforms-field-required\" name=\"wpforms[fields][1]\" aria-errormessage=\"wpforms-2087-field_1-error\" required><\/div><div id=\"wpforms-2087-field_4-container\" class=\"wpforms-field wpforms-field-name\" data-field-id=\"4\"><label class=\"wpforms-field-label\" for=\"wpforms-2087-field_4\">Firma (opcjonalnie)<\/label><input type=\"text\" id=\"wpforms-2087-field_4\" class=\"wpforms-field-medium\" name=\"wpforms[fields][4]\" aria-errormessage=\"wpforms-2087-field_4-error\" ><\/div><div id=\"wpforms-2087-field_2-container\" class=\"wpforms-field wpforms-field-email\" data-field-id=\"2\"><label class=\"wpforms-field-label\" for=\"wpforms-2087-field_2\">E-mail <span class=\"wpforms-required-label\" aria-hidden=\"true\">*<\/span><\/label><input type=\"email\" id=\"wpforms-2087-field_2\" class=\"wpforms-field-medium wpforms-field-required\" name=\"wpforms[fields][2]\" spellcheck=\"false\" aria-errormessage=\"wpforms-2087-field_2-error\" required><\/div><div id=\"wpforms-2087-field_7-container\" class=\"wpforms-field wpforms-field-number\" data-field-id=\"7\"><label class=\"wpforms-field-label\" for=\"wpforms-2087-field_7\">Telefon (opcjonalnie)<\/label><input type=\"number\" id=\"wpforms-2087-field_7\" class=\"wpforms-field-medium\" name=\"wpforms[fields][7]\" step=\"any\" aria-errormessage=\"wpforms-2087-field_7-error\" ><\/div><div id=\"wpforms-2087-field_3-container\" class=\"wpforms-field wpforms-field-textarea\" data-field-id=\"3\"><label class=\"wpforms-field-label\" for=\"wpforms-2087-field_3\">Wiadomo\u015b\u0107 <span class=\"wpforms-required-label\" aria-hidden=\"true\">*<\/span><\/label><textarea id=\"wpforms-2087-field_3\" class=\"wpforms-field-medium wpforms-field-required\" name=\"wpforms[fields][3]\" aria-errormessage=\"wpforms-2087-field_3-error\" required><\/textarea><\/div>\t\t<div id=\"wpforms-2087-field_5-container\"\n\t\t\tclass=\"wpforms-field wpforms-field-text\"\n\t\t\tdata-field-type=\"text\"\n\t\t\tdata-field-id=\"5\"\n\t\t\t>\n\t\t\t<label class=\"wpforms-field-label\" for=\"wpforms-2087-field_5\" >Consent processing to<\/label>\n\t\t\t<input type=\"text\" id=\"wpforms-2087-field_5\" class=\"wpforms-field-medium\" name=\"wpforms[fields][5]\" >\n\t\t<\/div>\n\t\t<div id=\"wpforms-2087-field_6-container\" class=\"wpforms-field wpforms-field-checkbox\" data-field-id=\"6\"><fieldset><legend class=\"wpforms-field-label\">Zgoda na przetwarzanie danych <span class=\"wpforms-required-label\" aria-hidden=\"true\">*<\/span><\/legend><ul id=\"wpforms-2087-field_6\" class=\"wpforms-field-required\"><li class=\"choice-1 depth-1\"><input type=\"checkbox\" id=\"wpforms-2087-field_6_1\" name=\"wpforms[fields][6][]\" value=\"I consent to the processing of my personal data by ROLV Group sp. z o.o. with its registered office in Pruszk\u00f3w (05-800), 6 Traktowa Street (the \u201cCompany\u201d) for the purpose of contacting me back, at the e-mail address or telephone number I have provided. I acknowledge that I may withdraw the consent I have given at any time, and that such withdrawal does not affect the legality of messages previously sent. Read more in our &lt;a target=&quot;\u201c_blank\u201d&quot; href=&quot;privacy-policy&quot;&gt;privacy policy&lt;\/a&gt;.\" aria-errormessage=\"wpforms-2087-field_6_1-error\" required><label class=\"wpforms-field-label-inline\" for=\"wpforms-2087-field_6_1\">Wyra\u017cam zgod\u0119 na przetwarzanie moich danych osobowych przez ROLV Group sp. z o.o. z siedzib\u0105 w Pruszkowie (05-800), ul. Traktowa 6 (\u201eSp\u00f3\u0142ka\u201d) w celu kontaktu zwrotnego, na podany przeze mnie adres e-mail lub numer telefonu. Przyjmuj\u0119 do wiadomo\u015bci, \u017ce mog\u0119 wycofa\u0107 udzielon\u0105 zgod\u0119 w dowolnym momencie, a takie wycofanie nie wp\u0142ywa na zgodno\u015b\u0107 z prawem wcze\u015bniej wys\u0142anych wiadomo\u015bci. Przeczytaj wi\u0119cej w naszej <a target=\"\u201c_blank\u201d\" href=\"\/pl\/privacy-policy\/\">polityce prywatno\u015bci<\/a>.<\/label><\/li><\/ul><\/fieldset><\/div><script>\n\t\t\t\t( function() {\n\t\t\t\t\tconst style = document.createElement( 'style' );\n\t\t\t\t\tstyle.appendChild( document.createTextNode( '#wpforms-2087-field_5-container { position: absolute !important; overflow: hidden !important; display: inline !important; height: 1px !important; width: 1px !important; z-index: -1000 !important; padding: 0 !important; } #wpforms-2087-field_5-container input { visibility: hidden; } #wpforms-conversational-form-page #wpforms-2087-field_5-container label { counter-increment: none; }' ) );\n\t\t\t\t\tdocument.head.appendChild( style );\n\t\t\t\t\tdocument.currentScript?.remove();\n\t\t\t\t} )();\n\t\t\t<\/script><\/div><!-- .wpforms-field-container --><div class=\"wpforms-recaptcha-container wpforms-is-recaptcha wpforms-is-recaptcha-type-invisible\" ><div class=\"g-recaptcha\" data-sitekey=\"6Lf0yIwqAAAAAF65sKbRAsL5hwxBlqrICHrDgnCe\" data-size=\"invisible\"><\/div><\/div><div class=\"wpforms-submit-container\" ><input type=\"hidden\" name=\"wpforms[id]\" value=\"2087\"><input type=\"hidden\" name=\"page_title\" value=\"\"><input type=\"hidden\" name=\"page_url\" value=\"https:\/\/rolv.pl\/pl\/wp-json\/wp\/v2\/pages\/286\"><input type=\"hidden\" name=\"url_referer\" value=\"\"><button type=\"submit\" name=\"wpforms[submit]\" id=\"wpforms-submit-2087\" class=\"wpforms-submit\" data-alt-text=\"Sending...\" data-submit-text=\"Send\" aria-live=\"assertive\" value=\"wpforms-submit\">Wy\u015blij<\/button><img decoding=\"async\" src=\"https:\/\/rolv.pl\/wp-content\/plugins\/wpforms-lite\/assets\/images\/submit-spin.svg\" class=\"wpforms-submit-spinner\" style=\"display: none;\" width=\"26\" height=\"26\" alt=\"Wczytywanie\"><\/div><input type=\"hidden\" name=\"trp-form-language\" value=\"pl\"\/><\/form><\/div>  <!-- .wpforms-container -->\t\t\t\t<\/div>\n\t\t\t\t<\/div>\n\t\t\t\t\t<\/div>\n\t\t<\/div>\n\t\t\t\t\t<\/div>\n\t\t<\/section>\n\t\t\t\t<\/div>","protected":false},"excerpt":{"rendered":"<p>Adres ROLV Group Sp. z o.o.Traktowa 6Pruszk\u00f3w 05-800NIP: 5342472319 Firmowy adres e-mail: info@rolv.pl S\u0105d Rejonowy dla m.st. Warszawy XIV Wydzia\u0142 Gospodarczy Krajowego Rejestru S\u0105dowego, Numer KRS 0000387535. NIP: PL5342472319, REGON: 142955045, Kapita\u0142 zak\u0142adowy op\u0142acony w ca\u0142o\u015bci: 636.000,00 z\u0142 Numer Identyfikacyjny i Rejestrowy Podmiotu Gospodarczego:...&nbsp;<a href=\"https:\/\/rolv.pl\/pl\/contact-us\/\" rel=\"bookmark\">Dowiedz si\u0119 wi\u0119cej \"<span class=\"screen-reader-text\">Kontakt<\/span><\/a><\/p>","protected":false},"author":2,"featured_media":0,"parent":0,"menu_order":3,"comment_status":"closed","ping_status":"closed","template":"page-templates\/template-pagebuilder-full-width.php","meta":{"neve_meta_sidebar":"","neve_meta_container":"","neve_meta_enable_content_width":"","neve_meta_content_width":70,"neve_meta_title_alignment":"","neve_meta_author_avatar":"","neve_post_elements_order":"","neve_meta_disable_header":"","neve_meta_disable_footer":"","neve_meta_disable_title":"","footnotes":""},"class_list":["post-286","page","type-page","status-publish","hentry"],"yoast_head":"<!-- This site is optimized with the Yoast SEO plugin v26.4 - https:\/\/yoast.com\/wordpress\/plugins\/seo\/ -->\n<title>Contact us - ROLV Group - Ideas that connect.<\/title>\n<meta name=\"robots\" content=\"index, follow, max-snippet:-1, max-image-preview:large, max-video-preview:-1\" \/>\n<link rel=\"canonical\" href=\"https:\/\/rolv.pl\/pl\/contact-us\/\" \/>\n<meta property=\"og:locale\" content=\"pl_PL\" \/>\n<meta property=\"og:type\" content=\"article\" \/>\n<meta property=\"og:title\" content=\"Contact us - ROLV Group - Ideas that connect.\" \/>\n<meta property=\"og:description\" content=\"Address ROLV Group Sp. z o.o.Traktowa 6Pruszk\u00f3w 05-800NIP: 5342472319 Company e-mail: info@rolv.pl District Court for the capital City of Warsaw XIV Economic Division Of the National Court Register, Number of National Court Register 0000387535. Tax Identification Number (VAT-UE) PL5342472319, Statistical number (REGON) 142955045, Fully paid share capital: 636.000,00 PLN Economic Operators Identification and Registration number&hellip;&nbsp;Dowiedz si\u0119 wi\u0119cej &raquo;Contact us\" \/>\n<meta property=\"og:url\" content=\"https:\/\/rolv.pl\/pl\/contact-us\/\" \/>\n<meta property=\"og:site_name\" content=\"ROLV Group - Ideas that connect.\" \/>\n<meta property=\"article:modified_time\" content=\"2024-11-28T14:32:09+00:00\" \/>\n<meta property=\"og:image\" content=\"https:\/\/rolv.pl\/wp-content\/plugins\/wpforms-lite\/assets\/images\/submit-spin.svg\" \/>\n<meta name=\"twitter:card\" content=\"summary_large_image\" \/>\n<meta name=\"twitter:label1\" content=\"Szacowany czas czytania\" \/>\n\t<meta name=\"twitter:data1\" content=\"1 minuta\" \/>\n<script type=\"application\/ld+json\" class=\"yoast-schema-graph\">{\"@context\":\"https:\/\/schema.org\",\"@graph\":[{\"@type\":\"WebPage\",\"@id\":\"https:\/\/rolv.pl\/contact-us\/\",\"url\":\"https:\/\/rolv.pl\/contact-us\/\",\"name\":\"Contact us - ROLV Group - Ideas that connect.\",\"isPartOf\":{\"@id\":\"https:\/\/rolv.pl\/#website\"},\"primaryImageOfPage\":{\"@id\":\"https:\/\/rolv.pl\/contact-us\/#primaryimage\"},\"image\":{\"@id\":\"https:\/\/rolv.pl\/contact-us\/#primaryimage\"},\"thumbnailUrl\":\"https:\/\/rolv.pl\/wp-content\/plugins\/wpforms-lite\/assets\/images\/submit-spin.svg\",\"datePublished\":\"2019-07-15T21:53:54+00:00\",\"dateModified\":\"2024-11-28T14:32:09+00:00\",\"breadcrumb\":{\"@id\":\"https:\/\/rolv.pl\/contact-us\/#breadcrumb\"},\"inLanguage\":\"pl-PL\",\"potentialAction\":[{\"@type\":\"ReadAction\",\"target\":[\"https:\/\/rolv.pl\/contact-us\/\"]}]},{\"@type\":\"ImageObject\",\"inLanguage\":\"pl-PL\",\"@id\":\"https:\/\/rolv.pl\/contact-us\/#primaryimage\",\"url\":\"https:\/\/rolv.pl\/wp-content\/plugins\/wpforms-lite\/assets\/images\/submit-spin.svg\",\"contentUrl\":\"https:\/\/rolv.pl\/wp-content\/plugins\/wpforms-lite\/assets\/images\/submit-spin.svg\"},{\"@type\":\"BreadcrumbList\",\"@id\":\"https:\/\/rolv.pl\/contact-us\/#breadcrumb\",\"itemListElement\":[{\"@type\":\"ListItem\",\"position\":1,\"name\":\"Home\",\"item\":\"https:\/\/rolv.pl\/pl\/\"},{\"@type\":\"ListItem\",\"position\":2,\"name\":\"Contact us\"}]},{\"@type\":\"WebSite\",\"@id\":\"https:\/\/rolv.pl\/#website\",\"url\":\"https:\/\/rolv.pl\/\",\"name\":\"ROLV Group - Ideas that connect.\",\"description\":\"Sales, e-commerce and marketing support for businesses.\",\"publisher\":{\"@id\":\"https:\/\/rolv.pl\/#organization\"},\"alternateName\":\"ROLV\",\"potentialAction\":[{\"@type\":\"SearchAction\",\"target\":{\"@type\":\"EntryPoint\",\"urlTemplate\":\"https:\/\/rolv.pl\/?s={search_term_string}\"},\"query-input\":{\"@type\":\"PropertyValueSpecification\",\"valueRequired\":true,\"valueName\":\"search_term_string\"}}],\"inLanguage\":\"pl-PL\"},{\"@type\":\"Organization\",\"@id\":\"https:\/\/rolv.pl\/#organization\",\"name\":\"ROLV Group - Ideas that connect.\",\"url\":\"https:\/\/rolv.pl\/\",\"logo\":{\"@type\":\"ImageObject\",\"inLanguage\":\"pl-PL\",\"@id\":\"https:\/\/rolv.pl\/#\/schema\/logo\/image\/\",\"url\":\"https:\/\/rolv.pl\/wp-content\/uploads\/2019\/07\/RolvGroup500px.png\",\"contentUrl\":\"https:\/\/rolv.pl\/wp-content\/uploads\/2019\/07\/RolvGroup500px.png\",\"width\":500,\"height\":524,\"caption\":\"ROLV Group - Ideas that connect.\"},\"image\":{\"@id\":\"https:\/\/rolv.pl\/#\/schema\/logo\/image\/\"}}]}<\/script>\n<!-- \/ Yoast SEO plugin. -->","yoast_head_json":{"title":"Skontaktuj si\u0119 z nami - ROLV Group - Pomys\u0142y, kt\u00f3re \u0142\u0105cz\u0105.","robots":{"index":"index","follow":"follow","max-snippet":"max-snippet:-1","max-image-preview":"max-image-preview:large","max-video-preview":"max-video-preview:-1"},"canonical":"https:\/\/rolv.pl\/pl\/contact-us\/","og_locale":"pl_PL","og_type":"article","og_title":"Contact us - ROLV Group - Ideas that connect.","og_description":"Address ROLV Group Sp. z o.o.Traktowa 6Pruszk\u00f3w 05-800NIP: 5342472319 Company e-mail: info@rolv.pl District Court for the capital City of Warsaw XIV Economic Division Of the National Court Register, Number of National Court Register 0000387535. Tax Identification Number (VAT-UE) PL5342472319, Statistical number (REGON) 142955045, Fully paid share capital: 636.000,00 PLN Economic Operators Identification and Registration number&hellip;&nbsp;Dowiedz si\u0119 wi\u0119cej &raquo;Contact us","og_url":"https:\/\/rolv.pl\/pl\/contact-us\/","og_site_name":"ROLV Group - Ideas that connect.","article_modified_time":"2024-11-28T14:32:09+00:00","og_image":[{"url":"https:\/\/rolv.pl\/wp-content\/plugins\/wpforms-lite\/assets\/images\/submit-spin.svg","type":"","width":"","height":""}],"twitter_card":"summary_large_image","twitter_misc":{"Szacowany czas czytania":"1 minuta"},"schema":{"@context":"https:\/\/schema.org","@graph":[{"@type":"WebPage","@id":"https:\/\/rolv.pl\/contact-us\/","url":"https:\/\/rolv.pl\/contact-us\/","name":"Skontaktuj si\u0119 z nami - ROLV Group - Pomys\u0142y, kt\u00f3re \u0142\u0105cz\u0105.","isPartOf":{"@id":"https:\/\/rolv.pl\/#website"},"primaryImageOfPage":{"@id":"https:\/\/rolv.pl\/contact-us\/#primaryimage"},"image":{"@id":"https:\/\/rolv.pl\/contact-us\/#primaryimage"},"thumbnailUrl":"https:\/\/rolv.pl\/wp-content\/plugins\/wpforms-lite\/assets\/images\/submit-spin.svg","datePublished":"2019-07-15T21:53:54+00:00","dateModified":"2024-11-28T14:32:09+00:00","breadcrumb":{"@id":"https:\/\/rolv.pl\/contact-us\/#breadcrumb"},"inLanguage":"pl-PL","potentialAction":[{"@type":"ReadAction","target":["https:\/\/rolv.pl\/contact-us\/"]}]},{"@type":"ImageObject","inLanguage":"pl-PL","@id":"https:\/\/rolv.pl\/contact-us\/#primaryimage","url":"https:\/\/rolv.pl\/wp-content\/plugins\/wpforms-lite\/assets\/images\/submit-spin.svg","contentUrl":"https:\/\/rolv.pl\/wp-content\/plugins\/wpforms-lite\/assets\/images\/submit-spin.svg"},{"@type":"BreadcrumbList","@id":"https:\/\/rolv.pl\/contact-us\/#breadcrumb","itemListElement":[{"@type":"ListItem","position":1,"name":"Home","item":"https:\/\/rolv.pl\/pl\/"},{"@type":"ListItem","position":2,"name":"Contact us"}]},{"@type":"WebSite","@id":"https:\/\/rolv.pl\/#website","url":"https:\/\/rolv.pl\/","name":"ROLV Group - Pomys\u0142y, kt\u00f3re \u0142\u0105cz\u0105.","description":"Wsparcie sprzeda\u017cy, e-commerce i marketingu dla firm.","publisher":{"@id":"https:\/\/rolv.pl\/#organization"},"alternateName":"ROLV","potentialAction":[{"@type":"SearchAction","target":{"@type":"EntryPoint","urlTemplate":"https:\/\/rolv.pl\/?s={search_term_string}"},"query-input":{"@type":"PropertyValueSpecification","valueRequired":true,"valueName":"search_term_string"}}],"inLanguage":"pl-PL"},{"@type":"Organization","@id":"https:\/\/rolv.pl\/#organization","name":"ROLV Group - Pomys\u0142y, kt\u00f3re \u0142\u0105cz\u0105.","url":"https:\/\/rolv.pl\/","logo":{"@type":"ImageObject","inLanguage":"pl-PL","@id":"https:\/\/rolv.pl\/#\/schema\/logo\/image\/","url":"https:\/\/rolv.pl\/wp-content\/uploads\/2019\/07\/RolvGroup500px.png","contentUrl":"https:\/\/rolv.pl\/wp-content\/uploads\/2019\/07\/RolvGroup500px.png","width":500,"height":524,"caption":"ROLV Group - Ideas that connect."},"image":{"@id":"https:\/\/rolv.pl\/#\/schema\/logo\/image\/"}}]}},"_links":{"self":[{"href":"https:\/\/rolv.pl\/pl\/wp-json\/wp\/v2\/pages\/286","targetHints":{"allow":["GET"]}}],"collection":[{"href":"https:\/\/rolv.pl\/pl\/wp-json\/wp\/v2\/pages"}],"about":[{"href":"https:\/\/rolv.pl\/pl\/wp-json\/wp\/v2\/types\/page"}],"author":[{"embeddable":true,"href":"https:\/\/rolv.pl\/pl\/wp-json\/wp\/v2\/users\/2"}],"replies":[{"embeddable":true,"href":"https:\/\/rolv.pl\/pl\/wp-json\/wp\/v2\/comments?post=286"}],"version-history":[{"count":14,"href":"https:\/\/rolv.pl\/pl\/wp-json\/wp\/v2\/pages\/286\/revisions"}],"predecessor-version":[{"id":2134,"href":"https:\/\/rolv.pl\/pl\/wp-json\/wp\/v2\/pages\/286\/revisions\/2134"}],"wp:attachment":[{"href":"https:\/\/rolv.pl\/pl\/wp-json\/wp\/v2\/media?parent=286"}],"curies":[{"name":"wp","href":"https:\/\/api.w.org\/{rel}","templated":true}]}}